{"id":10,"date":"2015-04-09T12:55:25","date_gmt":"2015-04-09T15:55:25","guid":{"rendered":"http:\/\/maintainpower.cl\/web\/?page_id=10"},"modified":"2015-08-04T22:28:28","modified_gmt":"2015-08-05T01:28:28","slug":"mantencion-y-servicios","status":"publish","type":"page","link":"http:\/\/maintainpower.cl\/web\/?page_id=10","title":{"rendered":"Servicios"},"content":{"rendered":"<p style=\"text-align: justify;\"><span style=\"font-size: 14pt;\">Servicios.<\/span><\/p>\n<p style=\"text-align: justify;\"><span style=\"font-size: 14pt;\">\u00a0 \u00a0 Nuestra empresa, 100% chilena, dedica su quehacer al servicio de la industria a trav\u00e9s de sus servicios de mantenimiento y proyectos en energ\u00eda.\u00a0<\/span><\/p>\n<hr \/>\n<p style=\"text-align: justify;\"><strong><span style=\"font-size: 12pt;\">Biog\u00e1s.<\/span><\/strong><\/p>\n<p style=\"text-align: justify;\"><span style=\"font-size: 12pt;\">\u00a0 \u00a0 Asociados estrat\u00e9gicamente con la empresa de ingenier\u00eda Aqualimpia (Alemania) de basta experiencia en Europa y Centroam\u00e9rica, estamos en condiciones de desarrollar proyectos completos, desde el control de emisiones de metano hasta la construcci\u00f3n de plantas de biog\u00e1s con cogeneraci\u00f3n completas.<\/span><\/p>\n<p style=\"text-align: justify;\"><span style=\"font-size: 12pt;\"><a title=\"Biog\u00e1s\" href=\"http:\/\/www.maintainpower.cl\/web\/?page_id=34\">ver + biog\u00e1s<\/a><\/span><\/p>\n<hr \/>\n<p style=\"text-align: justify;\"><strong><span style=\"font-size: 12pt;\">Mantenimiento predictivo.<\/span><\/strong><\/p>\n<p style=\"text-align: justify;\"><span style=\"font-size: 12pt;\">\u00a0 \u00a0 Con la experiencia de a\u00f1os en la\u00a0industria nacional, especialmente en miner\u00eda, nuestros servicios se enfocan en brindar soluciones y entregar informaci\u00f3n espec\u00edfica a nuestros clientes, para la toma de decisiones de mantenimiento que lo ayuden a disminuir su costo de posesi\u00f3n y rentabilizar sus procesos.<\/span><\/p>\n<p style=\"text-align: justify;\"><span style=\"font-size: 12pt;\"><a title=\"Mantenimiento predictivo\" href=\"http:\/\/www.maintainpower.cl\/web\/?page_id=29\">ver + mantenimiento \u00a0<\/a><\/span><\/p>\n<hr \/>\n<p style=\"text-align: justify;\"><strong><span style=\"font-size: 12pt;\">Reparaciones.<\/span><\/strong><\/p>\n<p style=\"text-align: justify;\"><span style=\"font-size: 12pt;\">\u00a0 \u00a0 En l\u00ednea con nuestra \u00e1rea de mantenimiento, en Maintain Power nos ocupamos en terreno de realizar servicios de mantenciones preventivas de distintos equipos como grupos electr\u00f3genos di\u00e9sel, bombas, v\u00e1lvulas,etc.<\/span><\/p>\n<p style=\"text-align: justify;\"><span style=\"font-size: 12pt;\"><a title=\"Reparaciones y mantenciones en terreno\" href=\"http:\/\/www.maintainpower.cl\/web\/?page_id=31\">ver + reparaciones<\/a><\/span><\/p>\n","protected":false},"excerpt":{"rendered":"<p>Servicios. \u00a0 \u00a0 Nuestra empresa, 100% chilena, dedica su quehacer al servicio de la industria a trav\u00e9s de sus servicios de mantenimiento y proyectos en energ\u00eda.\u00a0 Biog\u00e1s. \u00a0 \u00a0 Asociados estrat\u00e9gicamente con la empresa de ingenier\u00eda Aqualimpia (Alemania) de basta experiencia en Europa y Centroam\u00e9rica, estamos en condiciones de desarrollar proyectos completos, desde el control&#8230; <\/p>\n","protected":false},"author":1,"featured_media":0,"parent":0,"menu_order":0,"comment_status":"closed","ping_status":"closed","template":"template-full-width.php","meta":{"footnotes":""},"_links":{"self":[{"href":"http:\/\/maintainpower.cl\/web\/index.php?rest_route=\/wp\/v2\/pages\/10"}],"collection":[{"href":"http:\/\/maintainpower.cl\/web\/index.php?rest_route=\/wp\/v2\/pages"}],"about":[{"href":"http:\/\/maintainpower.cl\/web\/index.php?rest_route=\/wp\/v2\/types\/page"}],"author":[{"embeddable":true,"href":"http:\/\/maintainpower.cl\/web\/index.php?rest_route=\/wp\/v2\/users\/1"}],"replies":[{"embeddable":true,"href":"http:\/\/maintainpower.cl\/web\/index.php?rest_route=%2Fwp%2Fv2%2Fcomments&post=10"}],"version-history":[{"count":2,"href":"http:\/\/maintainpower.cl\/web\/index.php?rest_route=\/wp\/v2\/pages\/10\/revisions"}],"predecessor-version":[{"id":409,"href":"http:\/\/maintainpower.cl\/web\/index.php?rest_route=\/wp\/v2\/pages\/10\/revisions\/409"}],"wp:attachment":[{"href":"http:\/\/maintainpower.cl\/web\/index.php?rest_route=%2Fwp%2Fv2%2Fmedia&parent=10"}],"curies":[{"name":"wp","href":"https:\/\/api.w.org\/{rel}","templated":true}]}}