{"id":136,"date":"2015-04-13T11:52:24","date_gmt":"2015-04-13T14:52:24","guid":{"rendered":"http:\/\/www.maintainpower.cl\/web\/?page_id=136"},"modified":"2015-04-15T17:16:26","modified_gmt":"2015-04-15T20:16:26","slug":"como-funciona-una-planta-de-biogas","status":"publish","type":"page","link":"http:\/\/maintainpower.cl\/web\/?page_id=136","title":{"rendered":"Planta de biog\u00e1s"},"content":{"rendered":"<p style=\"text-align: justify;\"><span style=\"font-size: 12pt; font-family: tahoma, arial, helvetica, sans-serif;\">Una planta de biog\u00e1s esta compuesta de varios sistemas. En ella, los residuos org\u00e1nicos se reciben en un estanque donde son mezclados y homogeneizados. Esta mezcla es llevada al digestor o fermentador, donde mediante una agitaci\u00f3n continua y el uso de una temperatura y presi\u00f3n determinadas, que dependen del sustrato, se busca optimizar la digesti\u00f3n anaer\u00f3bica de la materia org\u00e1nica y maximizar la producci\u00f3n de biog\u00e1s y el\u00a0porcentaje de metano contenido en \u00e9ste. Dependiendo de las caracter\u00edsticas\u00a0del biog\u00e1s producido, ser\u00e1 necesario tratarlo, con el fin de eliminar part\u00edculas, agua libre, condensados y \u00e1cido sulfh\u00eddrico (H<sub>2<\/sub>S). Posteriormente, el biog\u00e1s debe ser preparado para ser utilizado como combustible, para ello puede ser necesaria la instalaci\u00f3n de un tren de calibraci\u00f3n, compuesto entre otros de un soplador, sensores de presi\u00f3n y temperatura, v\u00e1lvulas de seguridad, retenci\u00f3n y control, que permitir\u00e1 que el biog\u00e1s cuente con una presi\u00f3n constante que permita alimentar el motor de un generador el\u00e9ctrico. La energ\u00eda obtenida, y dependiendo de la cantidad, puede ser utilizada para auto consumo o puede ser inyectada a la red. Adicionalmente es posible la producci\u00f3n de energ\u00eda t\u00e9rmica que se puede utilizar para mantener la temperatura de los biodigestores o para alimentar diversos procesos industriales. Esta energ\u00eda t\u00e9rmica se obtiene mediante el desacoplamiento del calor de los sistemas de gases de escape y de los circuitos de refrigeraci\u00f3n del motor (refrigerante y lubricante), lo que se conoce como cogeneraci\u00f3n o CHP (combined heat and power).<\/span><\/p>\n<div id=\"attachment_160\" style=\"width: 754px\" class=\"wp-caption aligncenter\"><a href=\"http:\/\/maintainpower.cl\/web\/wp-content\/uploads\/2015\/04\/Plantas-de-biogas.jpg\"><img loading=\"lazy\" decoding=\"async\" aria-describedby=\"caption-attachment-160\" class=\"wp-image-160 size-medium\" src=\"http:\/\/maintainpower.cl\/web\/wp-content\/uploads\/2015\/04\/Plantas-de-biogas-744x419.jpg\" alt=\"Plantas de biogas\" width=\"744\" height=\"419\" srcset=\"http:\/\/maintainpower.cl\/web\/wp-content\/uploads\/2015\/04\/Plantas-de-biogas-744x419.jpg 744w, http:\/\/maintainpower.cl\/web\/wp-content\/uploads\/2015\/04\/Plantas-de-biogas-420x237.jpg 420w, http:\/\/maintainpower.cl\/web\/wp-content\/uploads\/2015\/04\/Plantas-de-biogas-1200x676.jpg 1200w, http:\/\/maintainpower.cl\/web\/wp-content\/uploads\/2015\/04\/Plantas-de-biogas.jpg 1752w\" sizes=\"(max-width: 744px) 100vw, 744px\" \/><\/a><p id=\"caption-attachment-160\" class=\"wp-caption-text\">Esquema de una planta de biog\u00e1s con cogeneraci\u00f3n.<\/p><\/div>\n<p style=\"text-align: justify;\">\n","protected":false},"excerpt":{"rendered":"<p>Una planta de biog\u00e1s esta compuesta de varios sistemas. En ella, los residuos org\u00e1nicos se reciben en un estanque donde son mezclados y homogeneizados. Esta mezcla es llevada al digestor o fermentador, donde mediante una agitaci\u00f3n continua y el uso de una temperatura y presi\u00f3n determinadas, que dependen del sustrato, se busca optimizar la digesti\u00f3n&#8230; <\/p>\n","protected":false},"author":2,"featured_media":0,"parent":34,"menu_order":0,"comment_status":"closed","ping_status":"closed","template":"template-full-width.php","meta":{"footnotes":""},"_links":{"self":[{"href":"http:\/\/maintainpower.cl\/web\/index.php?rest_route=\/wp\/v2\/pages\/136"}],"collection":[{"href":"http:\/\/maintainpower.cl\/web\/index.php?rest_route=\/wp\/v2\/pages"}],"about":[{"href":"http:\/\/maintainpower.cl\/web\/index.php?rest_route=\/wp\/v2\/types\/page"}],"author":[{"embeddable":true,"href":"http:\/\/maintainpower.cl\/web\/index.php?rest_route=\/wp\/v2\/users\/2"}],"replies":[{"embeddable":true,"href":"http:\/\/maintainpower.cl\/web\/index.php?rest_route=%2Fwp%2Fv2%2Fcomments&post=136"}],"version-history":[{"count":2,"href":"http:\/\/maintainpower.cl\/web\/index.php?rest_route=\/wp\/v2\/pages\/136\/revisions"}],"predecessor-version":[{"id":220,"href":"http:\/\/maintainpower.cl\/web\/index.php?rest_route=\/wp\/v2\/pages\/136\/revisions\/220"}],"up":[{"embeddable":true,"href":"http:\/\/maintainpower.cl\/web\/index.php?rest_route=\/wp\/v2\/pages\/34"}],"wp:attachment":[{"href":"http:\/\/maintainpower.cl\/web\/index.php?rest_route=%2Fwp%2Fv2%2Fmedia&parent=136"}],"curies":[{"name":"wp","href":"https:\/\/api.w.org\/{rel}","templated":true}]}}