{"id":29,"date":"2015-04-09T14:23:30","date_gmt":"2015-04-09T17:23:30","guid":{"rendered":"http:\/\/maintainpower.cl\/web\/?page_id=29"},"modified":"2015-04-22T15:55:50","modified_gmt":"2015-04-22T18:55:50","slug":"mantenimiento-predictivo","status":"publish","type":"page","link":"http:\/\/maintainpower.cl\/web\/?page_id=29","title":{"rendered":"Mantenimiento predictivo"},"content":{"rendered":"<p style=\"text-align: justify;\"><span style=\"font-size: 14pt; font-family: tahoma, arial, helvetica, sans-serif;\">\u00bfConoce el estado de sus m\u00e1quinas? Al igual que en las personas, en las m\u00e1quinas es necesario hacer revisiones peri\u00f3dicas y diagn\u00f3sticos sin tener que detenerlas. Esto es posible mediante tecnolog\u00edas no invasivas como el an\u00e1lisis de las vibraciones, termograf\u00eda\u00a0o el ultrasonido entro otras t\u00e9cnicas con sus respectivas tecnolog\u00edas aplicadas.\u00a0<\/span><\/p>\n<p><a href=\"http:\/\/maintainpower.cl\/web\/wp-content\/uploads\/2015\/04\/Captura-de-pantalla-2015-04-14-a-las-22.55.18.png\"><img loading=\"lazy\" decoding=\"async\" class=\"wp-image-193 size-full aligncenter\" src=\"http:\/\/maintainpower.cl\/web\/wp-content\/uploads\/2015\/04\/Captura-de-pantalla-2015-04-14-a-las-22.55.18.png\" alt=\"Un analista de vibraciones tomado medici\u00f3n peri\u00f3dica en la m\u00e1quina.\" width=\"358\" height=\"389\" \/><\/a><\/p>\n<hr \/>\n<p style=\"text-align: justify;\"><span style=\"font-family: tahoma, arial, helvetica, sans-serif; font-size: 14pt;\">En <strong>Maintain Power<\/strong> creemos que el mantenimiento predictivo\u00a0debe considerarse una inversi\u00f3n, en primer lugar porque permitir\u00e1 mejorar la confiabilidad de sus m\u00e1quinas ya que permitir\u00e1 conocer de antemano potenciales problemas. En segundo lugar, porque conocer\u00e1\u00a0de antemano el desarrollo de los problemas antes que \u00e9stos se transformen en catastr\u00f3ficos. Es por esta raz\u00f3n\u00a0estamos decididos a ocuparnos en apoyar su gesti\u00f3n de mantenimiento y hacer que su maquinaria opere mejor, previniendo paradas intempestivas y da\u00f1o secundario, mejorar la calidad de producto, reduciendo mantenciones innecesarias y reduciendo tiempos improductivos. Contamos con profesionales certificados en <em>an\u00e1lisis de vibraciones en m\u00e1quinas rotativas<\/em> y con equipamiento sofisticado para llevar a cabo las mediciones\u00a0en el mismo terreno, sin sacrificar tiempos productivos.<\/span><\/p>\n<p><a href=\"http:\/\/maintainpower.cl\/web\/wp-content\/uploads\/2015\/04\/Captura-de-pantalla-2015-04-14-a-las-23.02.22.png\"><img loading=\"lazy\" decoding=\"async\" class=\"wp-image-194 size-full aligncenter\" src=\"http:\/\/maintainpower.cl\/web\/wp-content\/uploads\/2015\/04\/Captura-de-pantalla-2015-04-14-a-las-23.02.22.png\" alt=\"Onda y espectro de la vibraci\u00f3n. Con esta informaci\u00f3n se diagnostica el estado de la m\u00e1quina.\" width=\"639\" height=\"388\" srcset=\"http:\/\/maintainpower.cl\/web\/wp-content\/uploads\/2015\/04\/Captura-de-pantalla-2015-04-14-a-las-23.02.22.png 639w, http:\/\/maintainpower.cl\/web\/wp-content\/uploads\/2015\/04\/Captura-de-pantalla-2015-04-14-a-las-23.02.22-420x255.png 420w, http:\/\/maintainpower.cl\/web\/wp-content\/uploads\/2015\/04\/Captura-de-pantalla-2015-04-14-a-las-23.02.22-240x145.png 240w\" sizes=\"(max-width: 639px) 100vw, 639px\" \/><\/a><\/p>\n","protected":false},"excerpt":{"rendered":"<p>\u00bfConoce el estado de sus m\u00e1quinas? Al igual que en las personas, en las m\u00e1quinas es necesario hacer revisiones peri\u00f3dicas y diagn\u00f3sticos sin tener que detenerlas. Esto es posible mediante tecnolog\u00edas no invasivas como el an\u00e1lisis de las vibraciones, termograf\u00eda\u00a0o el ultrasonido entro otras t\u00e9cnicas con sus respectivas tecnolog\u00edas aplicadas.\u00a0 En Maintain Power creemos que&#8230; <\/p>\n","protected":false},"author":1,"featured_media":0,"parent":10,"menu_order":0,"comment_status":"closed","ping_status":"closed","template":"template-full-width.php","meta":{"footnotes":""},"_links":{"self":[{"href":"http:\/\/maintainpower.cl\/web\/index.php?rest_route=\/wp\/v2\/pages\/29"}],"collection":[{"href":"http:\/\/maintainpower.cl\/web\/index.php?rest_route=\/wp\/v2\/pages"}],"about":[{"href":"http:\/\/maintainpower.cl\/web\/index.php?rest_route=\/wp\/v2\/types\/page"}],"author":[{"embeddable":true,"href":"http:\/\/maintainpower.cl\/web\/index.php?rest_route=\/wp\/v2\/users\/1"}],"replies":[{"embeddable":true,"href":"http:\/\/maintainpower.cl\/web\/index.php?rest_route=%2Fwp%2Fv2%2Fcomments&post=29"}],"version-history":[{"count":2,"href":"http:\/\/maintainpower.cl\/web\/index.php?rest_route=\/wp\/v2\/pages\/29\/revisions"}],"predecessor-version":[{"id":276,"href":"http:\/\/maintainpower.cl\/web\/index.php?rest_route=\/wp\/v2\/pages\/29\/revisions\/276"}],"up":[{"embeddable":true,"href":"http:\/\/maintainpower.cl\/web\/index.php?rest_route=\/wp\/v2\/pages\/10"}],"wp:attachment":[{"href":"http:\/\/maintainpower.cl\/web\/index.php?rest_route=%2Fwp%2Fv2%2Fmedia&parent=29"}],"curies":[{"name":"wp","href":"https:\/\/api.w.org\/{rel}","templated":true}]}}