{"id":34,"date":"2015-04-09T14:24:35","date_gmt":"2015-04-09T17:24:35","guid":{"rendered":"http:\/\/maintainpower.cl\/web\/?page_id=34"},"modified":"2015-08-04T22:22:49","modified_gmt":"2015-08-05T01:22:49","slug":"biogas","status":"publish","type":"page","link":"http:\/\/maintainpower.cl\/web\/?page_id=34","title":{"rendered":"Biog\u00e1s"},"content":{"rendered":"<p style=\"text-align: justify;\"><span style=\"font-family: tahoma, arial, helvetica, sans-serif; font-size: 18pt; background-color: #ffffff;\">Los altos niveles de contaminaci\u00f3n que presenta el planeta, debido al uso de combustibles f\u00f3siles, esta llevando a los distintos actores a buscar fuentes de energ\u00eda renovable no convencionales (ERNC), que permitan un desarrollo sustentable y el biog\u00e1s es una fuente disponible.<\/span><\/p>\n<hr \/>\n<p style=\"text-align: justify;\"><span style=\"font-family: tahoma, arial, helvetica, sans-serif; font-size: 12pt;\">Es por lo anterior, que queremos ser l\u00edderes en los pr\u00f3ximos a\u00f1os en los proyectos de <a title=\"Biog\u00e1s \u00bfQue es?\" href=\"http:\/\/www.maintainpower.cl\/web\/?page_id=128\">biog\u00e1s<\/a> y para la realizaci\u00f3n de nuestro trabajo contamos con el respaldo de AquaLimpia Engineering, empresa de ingenier\u00eda alemana con 20 a\u00f1os de experiencia, tanto en Europa como en Centro Am\u00e9rica,\u00a0y\u00a0miembro de la Asociaci\u00f3n Alemana de Biog\u00e1s. AquaLimpia se especializada en el desarrollo de proyectos integrales de aprovechamiento de recursos renovables (biomasa, desechos org\u00e1nicos) para la producci\u00f3n de biog\u00e1s, generaci\u00f3n de energ\u00eda el\u00e9ctrica y calor\u00edfica (cogeneraci\u00f3n), a trav\u00e9s del desarrollo de <a title=\"Planta de biog\u00e1s\" href=\"http:\/\/www.maintainpower.cl\/web\/?page_id=136\" target=\"_blank\">plantas de biog\u00e1s<\/a>.<\/span><\/p>\n<p style=\"text-align: justify;\"><span style=\"font-family: tahoma, arial, helvetica, sans-serif; font-size: 12pt;\">Por lo anterior, estamos en condiciones de desarrollar estudios, dise\u00f1ar y construir biodigestores\u00a0para la agroindustria. Suministrar e\u00a0instalar partes y componentes para biodigestores y plantas de biog\u00e1s, como v\u00e1lvulas de seguridad, generadores, agitadores, antorchas, membranas, etc.<\/span><\/p>\n<p style=\"text-align: justify;\"><span style=\"font-family: tahoma, arial, helvetica, sans-serif; font-size: 12pt;\">Los sistemas que se ofrecen, aplican diferentes tecnolog\u00edas dependiendo de la &#8220;materia prima&#8221;\u00a0o sustrato. Para ello se requiere realizar un estudio exhaustivo del sustrato, con el fin de determinar su\u00a0potencial, lo que permitir\u00e1 un correcto dimensionamiento de la planta y la elecci\u00f3n de los equipos m\u00e1s eficientes, eficaces y convenientes.<\/span><\/p>\n","protected":false},"excerpt":{"rendered":"<p>Los altos niveles de contaminaci\u00f3n que presenta el planeta, debido al uso de combustibles f\u00f3siles, esta llevando a los distintos actores a buscar fuentes de energ\u00eda renovable no convencionales (ERNC), que permitan un desarrollo sustentable y el biog\u00e1s es una fuente disponible. Es por lo anterior, que queremos ser l\u00edderes en los pr\u00f3ximos a\u00f1os en&#8230; <\/p>\n","protected":false},"author":1,"featured_media":0,"parent":10,"menu_order":0,"comment_status":"closed","ping_status":"closed","template":"template-full-width.php","meta":{"footnotes":""},"_links":{"self":[{"href":"http:\/\/maintainpower.cl\/web\/index.php?rest_route=\/wp\/v2\/pages\/34"}],"collection":[{"href":"http:\/\/maintainpower.cl\/web\/index.php?rest_route=\/wp\/v2\/pages"}],"about":[{"href":"http:\/\/maintainpower.cl\/web\/index.php?rest_route=\/wp\/v2\/types\/page"}],"author":[{"embeddable":true,"href":"http:\/\/maintainpower.cl\/web\/index.php?rest_route=\/wp\/v2\/users\/1"}],"replies":[{"embeddable":true,"href":"http:\/\/maintainpower.cl\/web\/index.php?rest_route=%2Fwp%2Fv2%2Fcomments&post=34"}],"version-history":[{"count":2,"href":"http:\/\/maintainpower.cl\/web\/index.php?rest_route=\/wp\/v2\/pages\/34\/revisions"}],"predecessor-version":[{"id":119,"href":"http:\/\/maintainpower.cl\/web\/index.php?rest_route=\/wp\/v2\/pages\/34\/revisions\/119"}],"up":[{"embeddable":true,"href":"http:\/\/maintainpower.cl\/web\/index.php?rest_route=\/wp\/v2\/pages\/10"}],"wp:attachment":[{"href":"http:\/\/maintainpower.cl\/web\/index.php?rest_route=%2Fwp%2Fv2%2Fmedia&parent=34"}],"curies":[{"name":"wp","href":"https:\/\/api.w.org\/{rel}","templated":true}]}}