{"id":36,"date":"2015-04-09T14:25:00","date_gmt":"2015-04-09T17:25:00","guid":{"rendered":"http:\/\/maintainpower.cl\/web\/?page_id=36"},"modified":"2015-08-04T22:51:27","modified_gmt":"2015-08-05T01:51:27","slug":"aire-comprimido","status":"publish","type":"page","link":"http:\/\/maintainpower.cl\/web\/?page_id=36","title":{"rendered":"Aire comprimido industrial"},"content":{"rendered":"<p style=\"text-align: justify;\"><span style=\"font-family: tahoma, arial, helvetica, sans-serif; font-size: 12pt;\">Contamos con una amplia gama de equipos para la generaci\u00f3n, preparaci\u00f3n y manejo del aire comprimido industrial como compresores, secadores y accesorios para la implementaci\u00f3n de su red de aire comprimido industrial. Dado que\u00a0en promedio, el aire comprimido representa cerca del 10% de los costos de energ\u00eda industrial de una empresa, el poder\u00a0optimizar y controlar su producci\u00f3n y su uso es una oportunidad para ahorrar en energ\u00eda. Es por esto que trabajamos con equipos de las marcas Legris, de gran prestigio en Europa y los Estados Unidos\u00a0y que est\u00e1n presentes en el mercado local desde hace m\u00e1s de 15\u00a0a\u00f1os.<\/span><\/p>\n<p style=\"text-align: justify;\"><span style=\"font-family: tahoma, arial, helvetica, sans-serif; font-size: 12pt;\">En el caso de las redes de aire comprimido, los\u00a0productos Transair\u00a0permiten que esta pueda ser modificada f\u00e1cilmente, a\u00f1adiendo o sacando componentes de acuerdo a sus necesidades. Son altamente vers\u00e1tiles e innovadoras, pudiendo trabajar con\u00a0vac\u00edo industrial y hasta 16 bar de presi\u00f3n y en tama\u00f1os que van desde los 16,5 mm. hasta 100 mm. de di\u00e1metro. Tambi\u00e9n pueden ser utilizadas en circuitos de agua y gases neutros en edificios industriales. La soluci\u00f3n ofrecida por Transair evita los problemas que se encuentran cuando se trabaja con redes de acero galvanizado, ya que es fabricada en aluminio, lo que\u00a0previene la corrosi\u00f3n y adem\u00e1s, debido a la superficie interior de la ca\u00f1er\u00eda de aluminio, asegura una calidad constante y buena de aire limpio. Las principales ventajas de este sistema son:<\/span><\/p>\n<ul style=\"text-align: justify;\">\n<li><span style=\"font-family: tahoma, arial, helvetica, sans-serif; font-size: 10pt;\">Optima eficiencia.<\/span>\n<ul>\n<li><span style=\"font-family: tahoma, arial, helvetica, sans-serif; font-size: 10pt;\">Ausencia de corrosi\u00f3n.<\/span><\/li>\n<li><span style=\"font-family: tahoma, arial, helvetica, sans-serif; font-size: 10pt;\">Dise\u00f1o de flujo total (full flow).<\/span><\/li>\n<li><span style=\"font-family: tahoma, arial, helvetica, sans-serif; font-size: 10pt;\">Excelente capacidad de sellado.<\/span><\/li>\n<\/ul>\n<\/li>\n<li><span style=\"font-family: tahoma, arial, helvetica, sans-serif; font-size: 10pt;\">Costos de instalaci\u00f3n reducidos.<\/span>\n<ul>\n<li><span style=\"font-family: tahoma, arial, helvetica, sans-serif; font-size: 10pt;\">Instalaci\u00f3n sencilla.<\/span><\/li>\n<li><span style=\"font-family: tahoma, arial, helvetica, sans-serif; font-size: 10pt;\">R\u00e1pido armado.<\/span><\/li>\n<li><span style=\"font-family: tahoma, arial, helvetica, sans-serif; font-size: 10pt;\">Presurizaci\u00f3n inmediata.<\/span><\/li>\n<\/ul>\n<\/li>\n<li><span style=\"font-family: tahoma, arial, helvetica, sans-serif; font-size: 10pt;\">Adaptabilidad.<\/span>\n<ul>\n<li><span style=\"font-family: tahoma, arial, helvetica, sans-serif; font-size: 10pt;\">Dise\u00f1o modular.<\/span><\/li>\n<li><span style=\"font-family: tahoma, arial, helvetica, sans-serif; font-size: 10pt;\">Desmontable y reutilizable.<\/span><\/li>\n<li><span style=\"font-family: tahoma, arial, helvetica, sans-serif; font-size: 10pt;\">F\u00e1cil y r\u00e1pida expansi\u00f3n de su tama\u00f1o.\u00a0<\/span><\/li>\n<\/ul>\n<\/li>\n<\/ul>\n<div id=\"attachment_228\" style=\"width: 640px\" class=\"wp-caption aligncenter\"><a href=\"http:\/\/maintainpower.cl\/web\/wp-content\/uploads\/2015\/04\/red-de-aire.jpg\"><img loading=\"lazy\" decoding=\"async\" aria-describedby=\"caption-attachment-228\" class=\"wp-image-228 \" src=\"http:\/\/maintainpower.cl\/web\/wp-content\/uploads\/2015\/04\/red-de-aire.jpg\" alt=\"red de aire\" width=\"630\" height=\"255\" srcset=\"http:\/\/maintainpower.cl\/web\/wp-content\/uploads\/2015\/04\/red-de-aire.jpg 694w, http:\/\/maintainpower.cl\/web\/wp-content\/uploads\/2015\/04\/red-de-aire-420x170.jpg 420w\" sizes=\"(max-width: 630px) 100vw, 630px\" \/><\/a><p id=\"caption-attachment-228\" class=\"wp-caption-text\"><span style=\"font-family: tahoma, arial, helvetica, sans-serif; font-size: 8pt;\">Red de aire comprimido industrial.<\/span><\/p><\/div>\n<p style=\"text-align: justify;\"><span style=\"font-family: tahoma, arial, helvetica, sans-serif; font-size: 12pt;\">La confiabilidad de estos equipos y la simpleza en el uso hacen de este un socio en sus operaciones cotidianas. Vea nuestro amplio stock de equipos y no dude en cotizarnos a <a href=\"mailto:info@maintainpower.cl\" target=\"_blank\">info@maintainpower.cl<\/a>.<\/span><\/p>\n","protected":false},"excerpt":{"rendered":"<p>Contamos con una amplia gama de equipos para la generaci\u00f3n, preparaci\u00f3n y manejo del aire comprimido industrial como compresores, secadores y accesorios para la implementaci\u00f3n de su red de aire comprimido industrial. Dado que\u00a0en promedio, el aire comprimido representa cerca del 10% de los costos de energ\u00eda industrial de una empresa, el poder\u00a0optimizar y controlar&#8230; <\/p>\n","protected":false},"author":1,"featured_media":0,"parent":8,"menu_order":2,"comment_status":"closed","ping_status":"closed","template":"template-full-width.php","meta":{"footnotes":""},"_links":{"self":[{"href":"http:\/\/maintainpower.cl\/web\/index.php?rest_route=\/wp\/v2\/pages\/36"}],"collection":[{"href":"http:\/\/maintainpower.cl\/web\/index.php?rest_route=\/wp\/v2\/pages"}],"about":[{"href":"http:\/\/maintainpower.cl\/web\/index.php?rest_route=\/wp\/v2\/types\/page"}],"author":[{"embeddable":true,"href":"http:\/\/maintainpower.cl\/web\/index.php?rest_route=\/wp\/v2\/users\/1"}],"replies":[{"embeddable":true,"href":"http:\/\/maintainpower.cl\/web\/index.php?rest_route=%2Fwp%2Fv2%2Fcomments&post=36"}],"version-history":[{"count":2,"href":"http:\/\/maintainpower.cl\/web\/index.php?rest_route=\/wp\/v2\/pages\/36\/revisions"}],"predecessor-version":[{"id":421,"href":"http:\/\/maintainpower.cl\/web\/index.php?rest_route=\/wp\/v2\/pages\/36\/revisions\/421"}],"up":[{"embeddable":true,"href":"http:\/\/maintainpower.cl\/web\/index.php?rest_route=\/wp\/v2\/pages\/8"}],"wp:attachment":[{"href":"http:\/\/maintainpower.cl\/web\/index.php?rest_route=%2Fwp%2Fv2%2Fmedia&parent=36"}],"curies":[{"name":"wp","href":"https:\/\/api.w.org\/{rel}","templated":true}]}}