{"id":38,"date":"2015-04-09T14:25:36","date_gmt":"2015-04-09T17:25:36","guid":{"rendered":"http:\/\/maintainpower.cl\/web\/?page_id=38"},"modified":"2015-04-29T14:49:51","modified_gmt":"2015-04-29T17:49:51","slug":"productosmartillos-hidraulicos","status":"publish","type":"page","link":"http:\/\/maintainpower.cl\/web\/?page_id=38","title":{"rendered":"Martillos hidr\u00e1ulicos"},"content":{"rendered":"<p style=\"text-align: justify;\"><span style=\"font-family: tahoma, arial, helvetica, sans-serif; font-size: 14pt;\">Ofrecemos martillos hidr\u00e1ulicos marca SMT, empresa de origen coreano que pertenece al selecto grupo de los fabricantes coreanos m\u00e1s importantes (Top Korean Manufacturers). Para\u00a0llegar a ser parte de este grupo, SMT ha integrado el uso de alta tecnolog\u00eda para lograr la satisfacci\u00f3n del\u00a0cliente. Esta tecnolog\u00eda y la experiencia acomulada han creado el mejor martillo hidr\u00e1ulico. Algunas de sus caracter\u00edsticas son:<\/span><\/p>\n<ul>\n<li><span style=\"font-family: tahoma, arial, helvetica, sans-serif; font-size: 12pt;\">Equipos con alojamiento insonorizado que reducen el nivel de ruido.<\/span><\/li>\n<li><span style=\"font-family: tahoma, arial, helvetica, sans-serif; font-size: 12pt;\">Gran potencia de rotura que aumenta la eficiencia de trabajo.<\/span><\/li>\n<li><span style=\"font-family: tahoma, arial, helvetica, sans-serif; font-size: 12pt;\">Vida \u00fatil extendida gracias a la minimizaci\u00f3n de las fuerzas anti-el\u00e1sticas.<\/span><\/li>\n<li><span style=\"font-family: tahoma, arial, helvetica, sans-serif; font-size: 12pt;\">Entrega constante de energ\u00eda para su operaci\u00f3n.<\/span><\/li>\n<li><span style=\"font-family: tahoma, arial, helvetica, sans-serif; font-size: 12pt;\">Costos de mantenci\u00f3n m\u00ednimos.<\/span><\/li>\n<li><span style=\"font-family: tahoma, arial, helvetica, sans-serif; font-size: 12pt;\">C\u00e1mara de grasa que extiende la vida del v\u00e1stago y buje.<\/span><\/li>\n<li><span style=\"font-family: tahoma, arial, helvetica, sans-serif; font-size: 12pt;\">Golpe preciso que extiende la durabilidad del equipo.<\/span><\/li>\n<\/ul>\n<div id=\"attachment_183\" style=\"width: 702px\" class=\"wp-caption aligncenter\"><a href=\"http:\/\/maintainpower.cl\/web\/wp-content\/uploads\/2015\/04\/martillo-1.jpg\"><img loading=\"lazy\" decoding=\"async\" aria-describedby=\"caption-attachment-183\" class=\"wp-image-183 size-full\" src=\"http:\/\/maintainpower.cl\/web\/wp-content\/uploads\/2015\/04\/martillo-1.jpg\" alt=\"martillo 1\" width=\"692\" height=\"686\" srcset=\"http:\/\/maintainpower.cl\/web\/wp-content\/uploads\/2015\/04\/martillo-1.jpg 692w, http:\/\/maintainpower.cl\/web\/wp-content\/uploads\/2015\/04\/martillo-1-420x416.jpg 420w\" sizes=\"(max-width: 692px) 100vw, 692px\" \/><\/a><p id=\"caption-attachment-183\" class=\"wp-caption-text\"><span style=\"font-size: 8pt; font-family: tahoma, arial, helvetica, sans-serif;\">Caracter\u00edsticas principales de los martillos hidr\u00e1ulicos SMT.<\/span><\/p><\/div>\n<p><a href=\"http:\/\/maintainpower.cl\/web\/wp-content\/uploads\/2015\/04\/Tabla-martillos.jpg\"><img loading=\"lazy\" decoding=\"async\" class=\"  wp-image-350 aligncenter\" src=\"http:\/\/maintainpower.cl\/web\/wp-content\/uploads\/2015\/04\/Tabla-martillos-744x374.jpg\" alt=\"Tabla martillos\" width=\"826\" height=\"415\" srcset=\"http:\/\/maintainpower.cl\/web\/wp-content\/uploads\/2015\/04\/Tabla-martillos-744x374.jpg 744w, http:\/\/maintainpower.cl\/web\/wp-content\/uploads\/2015\/04\/Tabla-martillos-420x211.jpg 420w, http:\/\/maintainpower.cl\/web\/wp-content\/uploads\/2015\/04\/Tabla-martillos.jpg 882w\" sizes=\"(max-width: 826px) 100vw, 826px\" \/><\/a><\/p>\n<p><span style=\"font-family: tahoma, arial, helvetica, sans-serif; font-size: 12pt;\">Todos los equipos se entregan con un acople hidr\u00e1ulico acondicionado a la m\u00e1quina que los operar\u00e1, sus mangueras y una cu\u00f1a. Los martillos hidr\u00e1ulicos cuentan con una garant\u00eda de un a\u00f1o.<\/span><\/p>\n<p><a href=\"http:\/\/maintainpower.cl\/web\/wp-content\/uploads\/2015\/04\/martillos4.jpg\"><img loading=\"lazy\" decoding=\"async\" class=\" wp-image-352 size-medium aligncenter\" src=\"http:\/\/maintainpower.cl\/web\/wp-content\/uploads\/2015\/04\/martillos4-744x314.jpg\" alt=\"\" width=\"744\" height=\"314\" srcset=\"http:\/\/maintainpower.cl\/web\/wp-content\/uploads\/2015\/04\/martillos4-744x314.jpg 744w, http:\/\/maintainpower.cl\/web\/wp-content\/uploads\/2015\/04\/martillos4-420x177.jpg 420w, http:\/\/maintainpower.cl\/web\/wp-content\/uploads\/2015\/04\/martillos4.jpg 864w\" sizes=\"(max-width: 744px) 100vw, 744px\" \/><\/a><\/p>\n","protected":false},"excerpt":{"rendered":"<p>Ofrecemos martillos hidr\u00e1ulicos marca SMT, empresa de origen coreano que pertenece al selecto grupo de los fabricantes coreanos m\u00e1s importantes (Top Korean Manufacturers). Para\u00a0llegar a ser parte de este grupo, SMT ha integrado el uso de alta tecnolog\u00eda para lograr la satisfacci\u00f3n del\u00a0cliente. Esta tecnolog\u00eda y la experiencia acomulada han creado el mejor martillo hidr\u00e1ulico&#8230;. <\/p>\n","protected":false},"author":1,"featured_media":0,"parent":8,"menu_order":0,"comment_status":"closed","ping_status":"closed","template":"template-full-width.php","meta":{"footnotes":""},"_links":{"self":[{"href":"http:\/\/maintainpower.cl\/web\/index.php?rest_route=\/wp\/v2\/pages\/38"}],"collection":[{"href":"http:\/\/maintainpower.cl\/web\/index.php?rest_route=\/wp\/v2\/pages"}],"about":[{"href":"http:\/\/maintainpower.cl\/web\/index.php?rest_route=\/wp\/v2\/types\/page"}],"author":[{"embeddable":true,"href":"http:\/\/maintainpower.cl\/web\/index.php?rest_route=\/wp\/v2\/users\/1"}],"replies":[{"embeddable":true,"href":"http:\/\/maintainpower.cl\/web\/index.php?rest_route=%2Fwp%2Fv2%2Fcomments&post=38"}],"version-history":[{"count":2,"href":"http:\/\/maintainpower.cl\/web\/index.php?rest_route=\/wp\/v2\/pages\/38\/revisions"}],"predecessor-version":[{"id":381,"href":"http:\/\/maintainpower.cl\/web\/index.php?rest_route=\/wp\/v2\/pages\/38\/revisions\/381"}],"up":[{"embeddable":true,"href":"http:\/\/maintainpower.cl\/web\/index.php?rest_route=\/wp\/v2\/pages\/8"}],"wp:attachment":[{"href":"http:\/\/maintainpower.cl\/web\/index.php?rest_route=%2Fwp%2Fv2%2Fmedia&parent=38"}],"curies":[{"name":"wp","href":"https:\/\/api.w.org\/{rel}","templated":true}]}}